{"id":3195,"date":"2025-06-20T07:35:56","date_gmt":"2025-06-20T06:35:56","guid":{"rendered":"https:\/\/www.martinmacik.com\/?page_id=3195"},"modified":"2025-07-21T12:12:52","modified_gmt":"2025-07-21T11:12:52","slug":"zasady-ochrany-osobnich-udaju","status":"publish","type":"page","link":"https:\/\/www.martinmacik.com\/en\/zasady-ochrany-osobnich-udaju\/","title":{"rendered":"Privacy &amp; Terms"},"content":{"rendered":"<p><div class=\"fusion-fullwidth fullwidth-box fusion-builder-row-1 nonhundred-percent-fullwidth non-hundred-percent-height-scrolling\" style=\"--awb-border-radius-top-left:0px;--awb-border-radius-top-right:0px;--awb-border-radius-bottom-right:0px;--awb-border-radius-bottom-left:0px;--awb-background-color:#151616;--awb-flex-wrap:wrap;\" ><div class=\"fusion-builder-row fusion-row\"><div class=\"fusion-layout-column fusion_builder_column fusion-builder-column-0 fusion_builder_column_1_1 1_1 fusion-one-full fusion-column-first fusion-column-last\" style=\"--awb-bg-size:cover;\"><div class=\"fusion-column-wrapper fusion-flex-column-wrapper-legacy\"><div class=\"fusion-sep-clear\"><\/div><div class=\"fusion-separator fusion-no-small-visibility fusion-no-medium-visibility fusion-full-width-sep\" style=\"margin-left: auto;margin-right: auto;margin-top:6%;width:100%;\"><\/div><div class=\"fusion-sep-clear\"><\/div><div class=\"fusion-title title fusion-title-1 fusion-sep-none fusion-title-text fusion-title-size-one\" style=\"--awb-text-color:var(--awb-color1);--awb-margin-top-small:0px;--awb-margin-right-small:0px;--awb-margin-bottom-small:20px;--awb-margin-left-small:0px;--awb-font-size:40px;\"><h1 class=\"fusion-title-heading title-heading-left fusion-responsive-typography-calculated\" style=\"margin:0;text-transform:uppercase;font-size:1em;--fontSize:40;line-height:1;\">Privacy &amp; Terms<\/h1><\/div><div class=\"fusion-text fusion-text-1\"><h3>Introduction<\/h3>\n<p>Your privacy is important to us. This policy explains how KM Racing s.r.o. processes personal data of website visitors and clients in accordance with Regulation (EU) 2016\/679 of the European Parliament and of the Council (GDPR). We provide transparent information about what data we collect, why we process it and what your rights are.<\/p>\n<h3>Personal data controller<\/h3>\n<p>The personal data controller is KM Racing s.r.o., Company ID: 27630277, with its registered office at U \u0160alamounky 769\/41, Ko\u0161\u00ed\u0159e, 158 00 Prague. If you have any questions, you can contact us by e-mail at enquiries@mmtechnology.eu.<\/p>\n<h3>What personal data do we process<\/h3>\n<p>We only process data that you provide to us or that arises when using our services. This includes, for example, your name and surname, email address, telephone number, IP address, information about your behavior on the website, data from cookies or the content of messages sent via the contact form.<\/p>\n<h3>Purpose of data processing<\/h3>\n<p>We use your data mainly to answer your questions, provide services, conclude and fulfill contracts, ensure the security and operation of the website, measure traffic (e.g. using Google Analytics) and to display relevant advertising (e.g. using Google Ads or Meta Pixel).<\/p>\n<h3>Legal basis for processing<\/h3>\n<p>We process your data in accordance with applicable legislation on the basis of several legal grounds:<br \/>\n\u2022\tConsent that you grant, for example via the cookie bar.<br \/>\n\u2022\tPerformance of the contract if you are our client.<br \/>\n\u2022\tLegitimate interest, e.g. when measuring traffic on the website or protecting against misuse of services.<br \/>\n\u2022\tLegal obligations, e.g. when archiving accounting documents.<\/p>\n<h3>Sharing and transferring data to third parties<\/h3>\n<p>Your personal data may be made available to trusted partners who help us provide our services - typically web hosting providers, traffic analysis tools (e.g. Google), or advertising service providers (e.g. Meta). All of these processors are contractually bound to comply with the protection of personal data.<\/p>\n<h3>Data retention period<\/h3>\n<p>We retain your personal data only for the period necessary to fulfill the purpose of the processing. Usually no longer than 5 years from the last contact. Data obtained through cookies is retained according to their validity - see information on the Cookie Policy page.<\/p>\n<h3>Your rights<\/h3>\n<p>You have the right to request access to your personal data at any time, to correct it or to delete it. You can also request restriction of processing, object to it, or request data portability. You can withdraw your consent to processing at any time. If you believe that we are handling your data in violation of the law, you can file a complaint with the Office for Personal Data Protection (www.uoou.cz).<\/p>\n<h3>Securing your data<\/h3>\n<p>We protect your data using appropriate technical and organizational measures. Communication with our website is secured by encryption (HTTPS). Access to the systems is protected by passwords and only authorized personnel have access. We regularly perform security updates and checks.<\/p>\n<h3>Contact<\/h3>\n<p>If you have any questions or requests regarding personal data protection, you can contact us by e-mail: enquiries@mmtechnology.eu.<\/p>\n<\/div><div class=\"fusion-sep-clear\"><\/div><div class=\"fusion-separator fusion-full-width-sep\" style=\"margin-left: auto;margin-right: auto;margin-top:50px;width:100%;\"><\/div><div class=\"fusion-sep-clear\"><\/div><div class=\"fusion-section-separator section-separator slant fusion-section-separator-1\" style=\"--awb-spacer-height:99px;--awb-svg-margin-left:0;--awb-svg-margin-right:0;--awb-divider-height:99px;--awb-spacer-padding-top:inherit;--awb-sep-padding:0;--awb-svg-padding:0;--awb-svg-tag-margin-bottom:-3px;--awb-sep-svg-display:block;\"><div class=\"fusion-section-separator-svg\"><svg class=\"fusion-slant-candy\" xmlns=\"http:\/\/www.w3.org\/2000\/svg\" version=\"1.1\" width=\"100%\" height=\"100\" viewbox=\"0 0 100 100\" preserveaspectratio=\"none\" fill=\"rgba(178,144,66,1)\"><path d=\"M100 0 L0 100 L101 100 Z\"><\/path><\/svg><\/div><div class=\"fusion-section-separator-spacer\"><div class=\"fusion-section-separator-spacer-height\"><\/div><\/div><\/div><div class=\"fusion-clearfix\"><\/div><\/div><\/div><\/div><\/div><div class=\"fusion-fullwidth fullwidth-box fusion-builder-row-2 has-pattern-background has-mask-background nonhundred-percent-fullwidth non-hundred-percent-height-scrolling\" style=\"--awb-border-radius-top-left:0px;--awb-border-radius-top-right:0px;--awb-border-radius-bottom-right:0px;--awb-border-radius-bottom-left:0px;--awb-padding-top:80px;--awb-padding-bottom:70px;--awb-background-color:var(--awb-color3);--awb-flex-wrap:wrap;\" ><div class=\"fusion-builder-row fusion-row\"><div class=\"fusion-layout-column fusion_builder_column fusion-builder-column-1 fusion_builder_column_1_3 1_3 fusion-one-third fusion-column-first fusion-animated\" style=\"--awb-bg-size:cover;--awb-margin-top:3%;--awb-margin-bottom:40px;width:30.6666%; margin-right: 4%;\" data-animationtype=\"fadeInUp\" data-animationduration=\"1.5\" data-animationoffset=\"top-into-view\" data-scroll-devices=\"small-visibility,medium-visibility,large-visibility\"><div class=\"fusion-column-wrapper fusion-column-has-shadow fusion-flex-column-wrapper-legacy\"><div class=\"fusion-text fusion-text-2\"><h2 style=\"color: #fff;\">Connection.<\/h2>\n<\/div><div class=\"fusion-sep-clear\"><\/div><div class=\"fusion-separator fusion-clearfix\" style=\"float:left;margin-top:0px;margin-bottom:50px;width:100%;max-width:130px;\"><div class=\"fusion-separator-border sep-single sep-solid\" style=\"--awb-height:20px;--awb-amount:20px;--awb-sep-color:#ffffff;border-color:#ffffff;border-top-width:1px;\"><\/div><\/div><div class=\"fusion-sep-clear\"><\/div><div class=\"fusion-text fusion-text-3\"><h6><span style=\"color: #fff;\">CONTACT INFORMATION<\/span><\/h6>\n<\/div><div class=\"fusion-text fusion-text-4\"><p style=\"color: #fff;\"><span style=\"color: #fff;\">Email: <span style=\"text-decoration: underline;\"><a style=\"color: #fff; text-decoration: underline;\" href=\"mailto:info@mmproduction.agency\">info@mmproduction.agency<\/a><\/span><\/span><\/p>\n<\/div><div class=\"fusion-clearfix\"><\/div><\/div><\/div><div class=\"fusion-layout-column fusion_builder_column fusion-builder-column-2 fusion_builder_column_1_3 1_3 fusion-one-third fusion-animated\" style=\"--awb-bg-size:cover;--awb-margin-top:3%;--awb-margin-bottom:40px;width:30.6666%; margin-right: 4%;\" data-animationtype=\"fadeInUp\" data-animationduration=\"1.5\" data-animationoffset=\"top-into-view\"><div class=\"fusion-column-wrapper fusion-column-has-shadow fusion-flex-column-wrapper-legacy\"><div class=\"fusion-text fusion-text-5\"><h2 style=\"color: #fff;\">Online.<\/h2>\n<\/div><div class=\"fusion-sep-clear\"><\/div><div class=\"fusion-separator fusion-clearfix\" style=\"float:left;margin-top:0px;margin-bottom:50px;width:100%;max-width:130px;\"><div class=\"fusion-separator-border sep-single sep-solid\" style=\"--awb-height:20px;--awb-amount:20px;--awb-sep-color:#ffffff;border-color:#ffffff;border-top-width:1px;\"><\/div><\/div><div class=\"fusion-sep-clear\"><\/div><div class=\"fusion-text fusion-text-6\"><h6><span style=\"color: #fff;\">SOCIAL NETWORKS<\/span><\/h6>\n<\/div><div class=\"fusion-sep-clear\"><\/div><div class=\"fusion-separator fusion-full-width-sep\" style=\"margin-left: auto;margin-right: auto;margin-top:5px;width:100%;\"><\/div><div class=\"fusion-sep-clear\"><\/div><div class=\"fusion-social-links fusion-social-links-1\" style=\"--awb-margin-top:0px;--awb-margin-right:0px;--awb-margin-bottom:0px;--awb-margin-left:0px;--awb-box-border-top:0px;--awb-box-border-right:0px;--awb-box-border-bottom:0px;--awb-box-border-left:0px;--awb-icon-colors-hover:rgba(62,62,62,0.8);--awb-box-colors-hover:rgba(56,56,56,0.8);--awb-box-border-color:var(--awb-color3);--awb-box-border-color-hover:var(--awb-color4);\"><div class=\"fusion-social-networks color-type-custom\"><div class=\"fusion-social-networks-wrapper\"><a class=\"fusion-social-network-icon fusion-tooltip fusion-instagram awb-icon-instagram\" style=\"color:#fff;font-size:20px;\" data-placement=\"top\" data-title=\"Instagram\" data-toggle=\"tooltip\" title=\"Instagram\" aria-label=\"instagram\" target=\"_blank\" rel=\"noopener noreferrer\" href=\"https:\/\/www.instagram.com\/martinmacikjr\"><\/a><a class=\"fusion-social-network-icon fusion-tooltip fusion-youtube awb-icon-youtube\" style=\"color:#fff;font-size:20px;\" data-placement=\"top\" data-title=\"YouTube\" data-toggle=\"tooltip\" title=\"YouTube\" aria-label=\"youtube\" target=\"_blank\" rel=\"noopener noreferrer\" href=\"https:\/\/www.youtube.com\/c\/MartinMacikJr\"><\/a><a class=\"fusion-social-network-icon fusion-tooltip fusion-facebook awb-icon-facebook\" style=\"color:#fff;font-size:20px;\" data-placement=\"top\" data-title=\"Facebook\" data-toggle=\"tooltip\" title=\"Facebook\" aria-label=\"facebook\" target=\"_blank\" rel=\"noopener noreferrer\" href=\"https:\/\/www.facebook.com\/martinmacikjr\"><\/a><a class=\"fusion-social-network-icon fusion-tooltip fusion-linkedin awb-icon-linkedin\" style=\"color:#fff;font-size:20px;\" data-placement=\"top\" data-title=\"LinkedIn\" data-toggle=\"tooltip\" title=\"LinkedIn\" aria-label=\"linkedin\" target=\"_blank\" rel=\"noopener noreferrer\" href=\"https:\/\/cz.linkedin.com\/in\/martinmacikjr\"><\/a><a class=\"fusion-social-network-icon fusion-tooltip fusion-mail awb-icon-mail\" style=\"color:#fff;font-size:20px;\" data-placement=\"top\" data-title=\"Email\" data-toggle=\"tooltip\" title=\"Email\" aria-label=\"mail\" target=\"_blank\" rel=\"noopener noreferrer\" href=\"mailto:&#109;&#097;&#114;ti&#110;&#064;b&#105;g&#115;&#104;&#111;&#099;k&#114;a&#099;i&#110;g.&#099;z\"><\/a><\/div><\/div><\/div><div class=\"fusion-clearfix\"><\/div><\/div><\/div><div class=\"fusion-layout-column fusion_builder_column fusion-builder-column-3 fusion_builder_column_1_3 1_3 fusion-one-third fusion-column-last fusion-animated\" style=\"--awb-bg-size:cover;--awb-margin-top:3%;--awb-margin-bottom:2%;width:30.6666%;\" data-animationtype=\"fadeInUp\" data-animationduration=\"1.5\" data-animationoffset=\"top-into-view\"><div class=\"fusion-column-wrapper fusion-column-has-shadow fusion-flex-column-wrapper-legacy\"><div class=\"fusion-text fusion-text-7\"><h2 style=\"color: #fff;\">Location.<\/h2>\n<\/div><div class=\"fusion-sep-clear\"><\/div><div class=\"fusion-separator fusion-clearfix\" style=\"float:left;margin-top:0px;margin-bottom:50px;width:100%;max-width:130px;\"><div class=\"fusion-separator-border sep-single sep-solid\" style=\"--awb-height:20px;--awb-amount:20px;--awb-sep-color:#ffffff;border-color:#ffffff;border-top-width:1px;\"><\/div><\/div><div class=\"fusion-sep-clear\"><\/div><div class=\"fusion-text fusion-text-8\"><h6><span style=\"color: #fff;\">ADDRESS<\/span><\/h6>\n<\/div><div class=\"fusion-text fusion-text-9\"><p style=\"color: #fff;\"><span style=\"color: #fff;\">Sedl\u010dany | 264 01<\/span><br \/>\n<span style=\"color: #fff;\"> Czech Republic<\/span><\/p>\n<\/div><div class=\"fusion-clearfix\"><\/div><\/div><\/div><\/div><\/div><div class=\"fusion-fullwidth fullwidth-box fusion-builder-row-3 nonhundred-percent-fullwidth non-hundred-percent-height-scrolling\" style=\"--awb-border-sizes-top:0px;--awb-border-sizes-bottom:0px;--awb-border-sizes-left:0px;--awb-border-sizes-right:0px;--awb-border-radius-top-left:0px;--awb-border-radius-top-right:0px;--awb-border-radius-bottom-right:0px;--awb-border-radius-bottom-left:0px;--awb-padding-top:0px;--awb-padding-bottom:50px;--awb-background-color:#151616;--awb-flex-wrap:wrap;\" ><div class=\"fusion-builder-row fusion-row\"><div class=\"fusion-layout-column fusion_builder_column fusion-builder-column-4 fusion_builder_column_1_1 1_1 fusion-one-full fusion-column-first fusion-column-last\" style=\"--awb-bg-size:cover;\"><div class=\"fusion-column-wrapper fusion-flex-column-wrapper-legacy\"><div class=\"fusion-section-separator section-separator slant fusion-section-separator-2\" style=\"--awb-spacer-height:99px;--awb-svg-margin-left:0;--awb-svg-margin-right:0;--awb-divider-height:99px;--awb-spacer-padding-top:inherit;--awb-sep-padding:0;--awb-svg-padding:0;\"><div class=\"fusion-section-separator-svg\"><svg class=\"fusion-slant-candy\" xmlns=\"http:\/\/www.w3.org\/2000\/svg\" version=\"1.1\" width=\"100%\" height=\"100\" viewbox=\"0 0 100 100\" preserveaspectratio=\"none\" fill=\"rgba(178,144,66,1)\"><path d=\"M0 100 L0 0 L100 0 Z\"><\/path><\/svg><\/div><div class=\"fusion-section-separator-spacer\"><div class=\"fusion-section-separator-spacer-height\"><\/div><\/div><\/div><div class=\"fusion-clearfix\"><\/div><\/div><\/div><\/div><\/div><\/p>","protected":false},"excerpt":{"rendered":"","protected":false},"author":4,"featured_media":0,"parent":0,"menu_order":0,"comment_status":"closed","ping_status":"closed","template":"100-width.php","meta":{"footnotes":""},"class_list":["post-3195","page","type-page","status-publish","hentry"],"_links":{"self":[{"href":"https:\/\/www.martinmacik.com\/en\/wp-json\/wp\/v2\/pages\/3195","targetHints":{"allow":["GET"]}}],"collection":[{"href":"https:\/\/www.martinmacik.com\/en\/wp-json\/wp\/v2\/pages"}],"about":[{"href":"https:\/\/www.martinmacik.com\/en\/wp-json\/wp\/v2\/types\/page"}],"author":[{"embeddable":true,"href":"https:\/\/www.martinmacik.com\/en\/wp-json\/wp\/v2\/users\/4"}],"replies":[{"embeddable":true,"href":"https:\/\/www.martinmacik.com\/en\/wp-json\/wp\/v2\/comments?post=3195"}],"version-history":[{"count":7,"href":"https:\/\/www.martinmacik.com\/en\/wp-json\/wp\/v2\/pages\/3195\/revisions"}],"predecessor-version":[{"id":3210,"href":"https:\/\/www.martinmacik.com\/en\/wp-json\/wp\/v2\/pages\/3195\/revisions\/3210"}],"wp:attachment":[{"href":"https:\/\/www.martinmacik.com\/en\/wp-json\/wp\/v2\/media?parent=3195"}],"curies":[{"name":"wp","href":"https:\/\/api.w.org\/{rel}","templated":true}]}}